{"id":450,"date":"2024-10-02T14:12:01","date_gmt":"2024-10-02T12:12:01","guid":{"rendered":"https:\/\/www.chinemontargis.fr\/association\/?page_id=450"},"modified":"2024-10-02T14:12:01","modified_gmt":"2024-10-02T12:12:01","slug":"cookies","status":"publish","type":"page","link":"https:\/\/www.chinemontargis.fr\/association\/index.php\/cookies\/","title":{"rendered":"Cookies"},"content":{"rendered":"<div class=\"markdown\">\n<h4>Informations sur notre utilisation des cookies.<\/h4>\n<p>Ce site Web www.chinemontargis.fr utilise des cookies pour nous aider \u00e0 offrir \u00e0 nos utilisateurs une bonne exp\u00e9rience lorsqu&rsquo;ils naviguent sur notre site web et nous permet \u00e9galement d&rsquo;am\u00e9liorer notre site.<\/p>\n<h4>Qu&rsquo;est-ce qu&rsquo;un cookie ?<\/h4>\n<p>Un cookie est un petit fichier compos\u00e9 de lettres et de chiffres que nous stockons sur le navigateur d&rsquo;un utilisateur ou sur le disque dur de son ordinateur s&rsquo;il y consent. Les cookies contiennent des informations qui sont transf\u00e9r\u00e9es sur le disque dur de l&rsquo;ordinateur de l&rsquo;utilisateur.<\/p>\n<h4>Types de cookies et comment nous les utilisons.<\/h4>\n<p>Nous effectuons r\u00e9guli\u00e8rement des analyses de cookies sur notre site web et nous maintenons \u00e0 jour notre liste de cookies. Nous classons les cookies en quatre cat\u00e9gories :<\/p>\n<ul>\n<li><strong>N\u00e9cessaires:<\/strong>\u00a0Ces derniers sont les cookies qui sont n\u00e9cessaires au fonctionnement de notre site web. Ils comprennent, par exemple, les cookies qui permettent aux visiteurs du site web de se connecter \u00e0 des zones s\u00e9curis\u00e9es de notre site web, d&rsquo;utiliser un panier d&rsquo;achat ou de faire appel \u00e0 des services de facturation \u00e9lectronique.\n<p>&#8211;<em>YSC<\/em>\u00a0Expiration\u00a0: Session Description\u00a0: Loading&#8230;<\/p>\n<p>&#8211;<em>illow-consent<\/em>\u00a0Expiration\u00a0: Session Description\u00a0: Ce cookie est utilis\u00e9 pour garder une trace d&rsquo;un consentement donn\u00e9 dans la plateforme<\/li>\n<li><strong>Marketing:<\/strong>\u00a0Ces cookies enregistrent les visites des utilisateurs sur notre site web, les pages qu&rsquo;ils ont visit\u00e9es et les liens qu&rsquo;ils ont suivis. Nous utiliserons ces informations pour rendre notre site web et la publicit\u00e9 qui y est affich\u00e9e plus pertinents par rapport aux int\u00e9r\u00eats des visiteurs de notre site web.\n<p>&#8211;<em>VISITOR_INFO1_LIVE<\/em>\u00a0Expiration\u00a0: 180\u00a0jours Description\u00a0: Loading&#8230;<\/li>\n<li><strong>Statistiques:<\/strong>\u00a0Ils nous permettent de reconna\u00eetre et de compter le nombre de visiteurs et de voir comment les visiteurs se d\u00e9placent sur notre site web lorsqu&rsquo;ils l&rsquo;utilisent. Cela nous aide \u00e0 am\u00e9liorer le fonctionnement de notre site web, par exemple, en veillant \u00e0 ce que les utilisateurs trouvent facilement ce qu&rsquo;ils recherchent.<\/li>\n<li><strong>Pr\u00e9f\u00e9rences:<\/strong>\u00a0Ils sont utilis\u00e9s pour reconna\u00eetre les utilisateurs lorsqu&rsquo;ils reviennent sur notre site web. Cela nous permet de personnaliser le contenu pour eux et de conserver leurs pr\u00e9f\u00e9rences (par exemple, leur choix de langue ou de r\u00e9gion).\n<p>&#8211;<em>VISITOR_PRIVACY_METADATA<\/em>\u00a0Expiration\u00a0: 180\u00a0jours Description\u00a0: Stocke les pr\u00e9f\u00e9rences utilisateur li\u00e9es \u00e0 YouTube<\/li>\n<\/ul>\n<p>En fonction de l&#8217;emplacement de l&rsquo;utilisateur, il pourra se d\u00e9sinscrire de chaque cat\u00e9gorie de cookies (\u00e0 l&rsquo;exception des cookies n\u00e9cessaires) en cliquant sur \u00ab\u00a0D\u00e9finir l&rsquo;autorisation personnalis\u00e9e\u00a0\u00bb dans la banni\u00e8re de cookies de notre site Web.<\/p>\n<\/div>\n","protected":false},"excerpt":{"rendered":"<p>Informations sur notre utilisation des cookies. Ce site Web www.chinemontargis.fr utilise des cookies pour nous aider \u00e0 offrir \u00e0 nos utilisateurs une bonne exp\u00e9rience lorsqu&rsquo;ils naviguent sur notre site web et nous permet \u00e9galement d&rsquo;am\u00e9liorer notre site. Qu&rsquo;est-ce qu&rsquo;un cookie ? Un cookie est un petit fichier compos\u00e9 de lettres et de chiffres que nous &hellip; <\/p>\n<p class=\"link-more\"><a href=\"https:\/\/www.chinemontargis.fr\/association\/index.php\/cookies\/\" class=\"more-link\">Continue reading<span class=\"screen-reader-text\"> \u00ab\u00a0Cookies\u00a0\u00bb<\/span><\/a><\/p>\n","protected":false},"author":1,"featured_media":0,"parent":0,"menu_order":0,"comment_status":"closed","ping_status":"closed","template":"","meta":{"footnotes":""},"class_list":["post-450","page","type-page","status-publish","hentry"],"_links":{"self":[{"href":"https:\/\/www.chinemontargis.fr\/association\/index.php\/wp-json\/wp\/v2\/pages\/450"}],"collection":[{"href":"https:\/\/www.chinemontargis.fr\/association\/index.php\/wp-json\/wp\/v2\/pages"}],"about":[{"href":"https:\/\/www.chinemontargis.fr\/association\/index.php\/wp-json\/wp\/v2\/types\/page"}],"author":[{"embeddable":true,"href":"https:\/\/www.chinemontargis.fr\/association\/index.php\/wp-json\/wp\/v2\/users\/1"}],"replies":[{"embeddable":true,"href":"https:\/\/www.chinemontargis.fr\/association\/index.php\/wp-json\/wp\/v2\/comments?post=450"}],"version-history":[{"count":1,"href":"https:\/\/www.chinemontargis.fr\/association\/index.php\/wp-json\/wp\/v2\/pages\/450\/revisions"}],"predecessor-version":[{"id":451,"href":"https:\/\/www.chinemontargis.fr\/association\/index.php\/wp-json\/wp\/v2\/pages\/450\/revisions\/451"}],"wp:attachment":[{"href":"https:\/\/www.chinemontargis.fr\/association\/index.php\/wp-json\/wp\/v2\/media?parent=450"}],"curies":[{"name":"wp","href":"https:\/\/api.w.org\/{rel}","templated":true}]}}